{"id":3262,"date":"2020-09-09T19:54:35","date_gmt":"2020-09-09T22:54:35","guid":{"rendered":"https:\/\/corullon.com.br\/scripts\/?post_type=product&#038;p=3262"},"modified":"2025-07-19T20:23:56","modified_gmt":"2025-07-19T23:23:56","slug":"duplicate-inverting-path","status":"publish","type":"product","link":"https:\/\/www.corullon.com.br\/scripts\/product\/duplicate-inverting-path\/","title":{"rendered":"Duplicate inverting path"},"content":{"rendered":"<p>One click to duplicate selected object and invert its path. Very useful to resize or move just a part of an image.<\/p>\n<p>The script works with non-rectangular and non-oval objects. It means it will work with &#8220;polygon&#8221; objects, or non-proportional paths.<\/p>\n<p>Can be used with: one object selected (with path) or two objects selected (one with path, one with image).<\/p>\n<p>Another great idea from my friend <a href=\"https:\/\/www.youtube.com\/channel\/UCvSFeHwJw4ahhK_rWRjmsYg\" target=\"_blank\" rel=\"noopener\">Luk\u00e1\u0161 Z\u00e1lesk\u00fd<\/a>.<\/p>\n<p><strong>Use a valid email to place your order since you&#8217;ll need to check the confirmation email to grab your custom serial code!<\/strong><\/p>\n<p>A custom script to help you accomplish your goals in Adobe InDesign.<\/p>\n","protected":false},"excerpt":{"rendered":"<p>One click to duplicate selected object and invert its path.<\/p>\n<p><strong>Use a valid email to place your order since you&#8217;ll need to check the confirmation email to grab your custom serial code!<\/strong><\/p>\n<p>A custom script to help you accomplish your goals in Adobe InDesign.<\/p>\n","protected":false},"featured_media":5549,"template":"","meta":{"site-sidebar-layout":"default","site-content-layout":"default","ast-site-content-layout":"default","site-content-style":"default","site-sidebar-style":"default","ast-global-header-display":"","ast-banner-title-visibility":"","ast-main-header-display":"","ast-hfb-above-header-display":"","ast-hfb-below-header-display":"","ast-hfb-mobile-header-display":"","site-post-title":"","ast-breadcrumbs-content":"","ast-featured-img":"","footer-sml-layout":"","ast-disable-related-posts":"","theme-transparent-header-meta":"default","adv-header-id-meta":"","stick-header-meta":"","header-above-stick-meta":"","header-main-stick-meta":"","header-below-stick-meta":"","astra-migrate-meta-layouts":"set","ast-page-background-enabled":"default","ast-page-background-meta":{"desktop":{"background-color":"","background-image":"","background-repeat":"repeat","background-position":"center center","background-size":"auto","background-attachment":"scroll","background-type":"","background-media":"","overlay-type":"","overlay-color":"","overlay-opacity":"","overlay-gradient":""},"tablet":{"background-color":"","background-image":"","background-repeat":"repeat","background-position":"center center","background-size":"auto","background-attachment":"scroll","background-type":"","background-media":"","overlay-type":"","overlay-color":"","overlay-opacity":"","overlay-gradient":""},"mobile":{"background-color":"","background-image":"","background-repeat":"repeat","background-position":"center center","background-size":"auto","background-attachment":"scroll","background-type":"","background-media":"","overlay-type":"","overlay-color":"","overlay-opacity":"","overlay-gradient":""}},"ast-content-background-meta":{"desktop":{"background-color":"var(--ast-global-color-5)","background-image":"","background-repeat":"repeat","background-position":"center center","background-size":"auto","background-attachment":"scroll","background-type":"","background-media":"","overlay-type":"","overlay-color":"","overlay-opacity":"","overlay-gradient":""},"tablet":{"background-color":"var(--ast-global-color-5)","background-image":"","background-repeat":"repeat","background-position":"center center","background-size":"auto","background-attachment":"scroll","background-type":"","background-media":"","overlay-type":"","overlay-color":"","overlay-opacity":"","overlay-gradient":""},"mobile":{"background-color":"var(--ast-global-color-5)","background-image":"","background-repeat":"repeat","background-position":"center center","background-size":"auto","background-attachment":"scroll","background-type":"","background-media":"","overlay-type":"","overlay-color":"","overlay-opacity":"","overlay-gradient":""}}},"product_brand":[],"product_cat":[236,186],"product_tag":[126,343,359,96,255,98,139,144,350,358,97],"class_list":{"0":"post-3262","1":"product","2":"type-product","3":"status-publish","4":"has-post-thumbnail","6":"product_cat-premium","7":"product_cat-scripts","8":"product_tag-bylfc","9":"product_tag-duplicate","10":"product_tag-image","11":"product_tag-indesign","12":"product_tag-invert","13":"product_tag-lfcorullon","14":"product_tag-object","15":"product_tag-oneclick","16":"product_tag-paste-in-place","17":"product_tag-path","18":"product_tag-script","19":"desktop-align-left","20":"tablet-align-left","21":"mobile-align-left","23":"first","24":"instock","25":"sale","26":"downloadable","27":"virtual","28":"sold-individually","29":"purchasable","30":"product-type-simple"},"_links":{"self":[{"href":"https:\/\/www.corullon.com.br\/scripts\/wp-json\/wp\/v2\/product\/3262","targetHints":{"allow":["GET"]}}],"collection":[{"href":"https:\/\/www.corullon.com.br\/scripts\/wp-json\/wp\/v2\/product"}],"about":[{"href":"https:\/\/www.corullon.com.br\/scripts\/wp-json\/wp\/v2\/types\/product"}],"version-history":[{"count":7,"href":"https:\/\/www.corullon.com.br\/scripts\/wp-json\/wp\/v2\/product\/3262\/revisions"}],"predecessor-version":[{"id":11155,"href":"https:\/\/www.corullon.com.br\/scripts\/wp-json\/wp\/v2\/product\/3262\/revisions\/11155"}],"wp:featuredmedia":[{"embeddable":true,"href":"https:\/\/www.corullon.com.br\/scripts\/wp-json\/wp\/v2\/media\/5549"}],"wp:attachment":[{"href":"https:\/\/www.corullon.com.br\/scripts\/wp-json\/wp\/v2\/media?parent=3262"}],"wp:term":[{"taxonomy":"product_brand","embeddable":true,"href":"https:\/\/www.corullon.com.br\/scripts\/wp-json\/wp\/v2\/product_brand?post=3262"},{"taxonomy":"product_cat","embeddable":true,"href":"https:\/\/www.corullon.com.br\/scripts\/wp-json\/wp\/v2\/product_cat?post=3262"},{"taxonomy":"product_tag","embeddable":true,"href":"https:\/\/www.corullon.com.br\/scripts\/wp-json\/wp\/v2\/product_tag?post=3262"}],"curies":[{"name":"wp","href":"https:\/\/api.w.org\/{rel}","templated":true}]}}