{"id":7108,"date":"2022-01-30T21:30:56","date_gmt":"2022-01-31T00:30:56","guid":{"rendered":"https:\/\/corullon.com.br\/scripts\/?post_type=product&#038;p=7108"},"modified":"2025-07-21T14:59:52","modified_gmt":"2025-07-21T17:59:52","slug":"copy-cut-and-load-to-placegun","status":"publish","type":"product","link":"https:\/\/www.corullon.com.br\/scripts\/product\/copy-cut-and-load-to-placegun\/","title":{"rendered":"Copy\/Cut and load to placegun"},"content":{"rendered":"<p>A script set (of three scripts) to copy\/cut (one script to copy, other to cut) and a second step to load the selection as a snippet in InDesign&#8217;s placegun.<\/p>\n<p>The script creates a temporary snippet file (when you run the copy or the cut scripts) and then load it to the placegun when you run the place script.<\/p>\n<p>Much more useful when used with keyboard shortcuts.<\/p>\n<p>Another great idea from my friend <a href=\"https:\/\/www.youtube.com\/channel\/UCvSFeHwJw4ahhK_rWRjmsYg\" target=\"_blank\" rel=\"noopener\">Luk\u00e1\u0161 Z\u00e1lesk\u00fd<\/a>.<\/p>\n<p>Thanks, <a href=\"https:\/\/www.youtube.com\/c\/Profeivan\" target=\"_blank\" rel=\"noopener\">Profe Ivan<\/a>, for promote this script in <a href=\"https:\/\/www.youtube.com\/watch?v=c8mgmxa8s8g\" target=\"_blank\" rel=\"noopener\">your video<\/a>!<\/p>\n<p>A custom script to help you accomplish your goals in Adobe InDesign.<\/p>\n","protected":false},"excerpt":{"rendered":"<p>The script creates a temporary snippet file (when you run the copy or the cut scripts) and then load it to the placegun when you run the place script.<\/p>\n<p>A custom script to help you accomplish your goals in Adobe InDesign.<\/p>\n","protected":false},"featured_media":7110,"template":"","meta":{"site-sidebar-layout":"default","site-content-layout":"default","ast-site-content-layout":"default","site-content-style":"default","site-sidebar-style":"default","ast-global-header-display":"","ast-banner-title-visibility":"","ast-main-header-display":"","ast-hfb-above-header-display":"","ast-hfb-below-header-display":"","ast-hfb-mobile-header-display":"","site-post-title":"","ast-breadcrumbs-content":"","ast-featured-img":"","footer-sml-layout":"","ast-disable-related-posts":"","theme-transparent-header-meta":"default","adv-header-id-meta":"","stick-header-meta":"","header-above-stick-meta":"","header-main-stick-meta":"","header-below-stick-meta":"","astra-migrate-meta-layouts":"set","ast-page-background-enabled":"default","ast-page-background-meta":{"desktop":{"background-color":"","background-image":"","background-repeat":"repeat","background-position":"center center","background-size":"auto","background-attachment":"scroll","background-type":"","background-media":"","overlay-type":"","overlay-color":"","overlay-opacity":"","overlay-gradient":""},"tablet":{"background-color":"","background-image":"","background-repeat":"repeat","background-position":"center center","background-size":"auto","background-attachment":"scroll","background-type":"","background-media":"","overlay-type":"","overlay-color":"","overlay-opacity":"","overlay-gradient":""},"mobile":{"background-color":"","background-image":"","background-repeat":"repeat","background-position":"center center","background-size":"auto","background-attachment":"scroll","background-type":"","background-media":"","overlay-type":"","overlay-color":"","overlay-opacity":"","overlay-gradient":""}},"ast-content-background-meta":{"desktop":{"background-color":"var(--ast-global-color-5)","background-image":"","background-repeat":"repeat","background-position":"center center","background-size":"auto","background-attachment":"scroll","background-type":"","background-media":"","overlay-type":"","overlay-color":"","overlay-opacity":"","overlay-gradient":""},"tablet":{"background-color":"var(--ast-global-color-5)","background-image":"","background-repeat":"repeat","background-position":"center center","background-size":"auto","background-attachment":"scroll","background-type":"","background-media":"","overlay-type":"","overlay-color":"","overlay-opacity":"","overlay-gradient":""},"mobile":{"background-color":"var(--ast-global-color-5)","background-image":"","background-repeat":"repeat","background-position":"center center","background-size":"auto","background-attachment":"scroll","background-type":"","background-media":"","overlay-type":"","overlay-color":"","overlay-opacity":"","overlay-gradient":""}}},"product_brand":[],"product_cat":[235,186],"product_tag":[126,305,361,96,98,328,144,415,416,97,414],"class_list":{"0":"post-7108","1":"product","2":"type-product","3":"status-publish","4":"has-post-thumbnail","6":"product_cat-freemium","7":"product_cat-scripts","8":"product_tag-bylfc","9":"product_tag-copy","10":"product_tag-cut","11":"product_tag-indesign","12":"product_tag-lfcorullon","13":"product_tag-load","14":"product_tag-oneclick","15":"product_tag-paste","16":"product_tag-placegun","17":"product_tag-script","18":"product_tag-snippet","19":"desktop-align-left","20":"tablet-align-left","21":"mobile-align-left","23":"first","24":"instock","25":"downloadable","26":"virtual","27":"sold-individually","28":"purchasable","29":"product-type-simple"},"_links":{"self":[{"href":"https:\/\/www.corullon.com.br\/scripts\/wp-json\/wp\/v2\/product\/7108","targetHints":{"allow":["GET"]}}],"collection":[{"href":"https:\/\/www.corullon.com.br\/scripts\/wp-json\/wp\/v2\/product"}],"about":[{"href":"https:\/\/www.corullon.com.br\/scripts\/wp-json\/wp\/v2\/types\/product"}],"version-history":[{"count":5,"href":"https:\/\/www.corullon.com.br\/scripts\/wp-json\/wp\/v2\/product\/7108\/revisions"}],"predecessor-version":[{"id":7112,"href":"https:\/\/www.corullon.com.br\/scripts\/wp-json\/wp\/v2\/product\/7108\/revisions\/7112"}],"wp:featuredmedia":[{"embeddable":true,"href":"https:\/\/www.corullon.com.br\/scripts\/wp-json\/wp\/v2\/media\/7110"}],"wp:attachment":[{"href":"https:\/\/www.corullon.com.br\/scripts\/wp-json\/wp\/v2\/media?parent=7108"}],"wp:term":[{"taxonomy":"product_brand","embeddable":true,"href":"https:\/\/www.corullon.com.br\/scripts\/wp-json\/wp\/v2\/product_brand?post=7108"},{"taxonomy":"product_cat","embeddable":true,"href":"https:\/\/www.corullon.com.br\/scripts\/wp-json\/wp\/v2\/product_cat?post=7108"},{"taxonomy":"product_tag","embeddable":true,"href":"https:\/\/www.corullon.com.br\/scripts\/wp-json\/wp\/v2\/product_tag?post=7108"}],"curies":[{"name":"wp","href":"https:\/\/api.w.org\/{rel}","templated":true}]}}